{"id":30,"date":"2022-10-06T14:38:50","date_gmt":"2022-10-06T12:38:50","guid":{"rendered":"https:\/\/hawformationpostureettms.wordpress.com\/?page_id=16"},"modified":"2022-12-08T13:22:40","modified_gmt":"2022-12-08T12:22:40","slug":"qui-sommes-nous","status":"publish","type":"page","link":"https:\/\/coachingsportifentrepriselille.fr\/?page_id=30","title":{"rendered":"Qui sommes nous ?"},"content":{"rendered":"\r\n<div class=\"wp-block-group\"><div class=\"wp-block-group__inner-container is-layout-flow wp-block-group-is-layout-flow\">\r\n<figure class=\"wp-block-image size-large margin-bottom-none\"><img decoding=\"async\" class=\"wp-image-123 aligncenter\" src=\"https:\/\/hawformationpostureettms.files.wordpress.com\/2022\/10\/okok-removebg-preview.png?w=563\" alt=\"\" \/><\/figure>\r\n\r\n\r\n\r\n<div class=\"wp-block-group margin-top-none has-white-background-color has-background\" style=\"margin-top: 0; padding: 40px;\"><div class=\"wp-block-group__inner-container is-layout-flow wp-block-group-is-layout-flow\">\r\n<h1 class=\"margin-bottom-none has-text-color wp-block-heading\" style=\"color: #000000; font-size: 32px;\">Marc Lenoble Antoine Lecouffe<\/h1>\r\n\r\n\r\n\r\n<p class=\"margin-top-half has-text-color\" style=\"color: #000000; font-size: 18px;\">Coachs sportifs et pr\u00e9parateurs physiques ind\u00e9pendants.<\/p>\r\n\r\n\r\n\r\n<p class=\"has-black-color has-text-color\">Dipl\u00f4m\u00e9s d&#8217;une licence Entrainement sportif et d&#8217;un Master Entrainement et optimisation de la performance.<\/p>\r\n\r\n\r\n\r\n<p class=\"has-black-color has-text-color\">Sp\u00e9cialiste sant\u00e9\/bien \u00eatre.<\/p>\r\n\r\n\r\n\r\n<p class=\"has-black-color has-text-color\">Habilit\u00e9 \u00e0 l&#8217;encadrement li\u00e9 \u00e0 l&#8217;activit\u00e9 physique sur le terrain.<\/p>\r\n\r\n\r\n\r\n<div class=\"wp-block-buttons is-horizontal is-content-justification-center is-layout-flex wp-container-core-buttons-is-layout-499968f5 wp-block-buttons-is-layout-flex\">\r\n<div class=\"wp-block-button has-custom-width wp-block-button__width-100\"><a class=\"wp-block-button__link has-text-color has-background wp-element-button\" style=\"border-radius: 4px; color: #ffffff; background-color: #067eb1;\" href=\"http:\/\/coachingsportifentrepriselille.fr\/?page_id=29\">Nous contacter<\/a><\/div>\r\n<\/div>\r\n\r\n\r\n\r\n<ul class=\"wp-block-social-links has-icon-color is-style-logos-only is-content-justification-left is-layout-flex wp-container-core-social-links-is-layout-d89833a6 wp-block-social-links-is-layout-flex\"><li style=\"color:#000000;\" class=\"wp-social-link wp-social-link-linkedin has-primary-color wp-block-social-link\"><a href=\"https:\/\/linkedin.com\/\" class=\"wp-block-social-link-anchor\"><svg width=\"24\" height=\"24\" viewBox=\"0 0 24 24\" version=\"1.1\" xmlns=\"http:\/\/www.w3.org\/2000\/svg\" aria-hidden=\"true\" focusable=\"false\"><path d=\"M19.7,3H4.3C3.582,3,3,3.582,3,4.3v15.4C3,20.418,3.582,21,4.3,21h15.4c0.718,0,1.3-0.582,1.3-1.3V4.3 C21,3.582,20.418,3,19.7,3z M8.339,18.338H5.667v-8.59h2.672V18.338z M7.004,8.574c-0.857,0-1.549-0.694-1.549-1.548 c0-0.855,0.691-1.548,1.549-1.548c0.854,0,1.547,0.694,1.547,1.548C8.551,7.881,7.858,8.574,7.004,8.574z M18.339,18.338h-2.669 v-4.177c0-0.996-0.017-2.278-1.387-2.278c-1.389,0-1.601,1.086-1.601,2.206v4.249h-2.667v-8.59h2.559v1.174h0.037 c0.356-0.675,1.227-1.387,2.526-1.387c2.703,0,3.203,1.779,3.203,4.092V18.338z\"><\/path><\/svg><span class=\"wp-block-social-link-label screen-reader-text\">LinkedIn<\/span><\/a><\/li>\r\n\r\n<li style=\"color:#000000;\" class=\"wp-social-link wp-social-link-twitter has-primary-color wp-block-social-link\"><a href=\"https:\/\/twitter.com\/\" class=\"wp-block-social-link-anchor\"><svg width=\"24\" height=\"24\" viewBox=\"0 0 24 24\" version=\"1.1\" xmlns=\"http:\/\/www.w3.org\/2000\/svg\" aria-hidden=\"true\" focusable=\"false\"><path d=\"M22.23,5.924c-0.736,0.326-1.527,0.547-2.357,0.646c0.847-0.508,1.498-1.312,1.804-2.27 c-0.793,0.47-1.671,0.812-2.606,0.996C18.324,4.498,17.257,4,16.077,4c-2.266,0-4.103,1.837-4.103,4.103 c0,0.322,0.036,0.635,0.106,0.935C8.67,8.867,5.647,7.234,3.623,4.751C3.27,5.357,3.067,6.062,3.067,6.814 c0,1.424,0.724,2.679,1.825,3.415c-0.673-0.021-1.305-0.206-1.859-0.513c0,0.017,0,0.034,0,0.052c0,1.988,1.414,3.647,3.292,4.023 c-0.344,0.094-0.707,0.144-1.081,0.144c-0.264,0-0.521-0.026-0.772-0.074c0.522,1.63,2.038,2.816,3.833,2.85 c-1.404,1.1-3.174,1.756-5.096,1.756c-0.331,0-0.658-0.019-0.979-0.057c1.816,1.164,3.973,1.843,6.29,1.843 c7.547,0,11.675-6.252,11.675-11.675c0-0.178-0.004-0.355-0.012-0.531C20.985,7.47,21.68,6.747,22.23,5.924z\"><\/path><\/svg><span class=\"wp-block-social-link-label screen-reader-text\">Twitter<\/span><\/a><\/li>\r\n\r\n<li style=\"color:#000000;\" class=\"wp-social-link wp-social-link-instagram has-primary-color wp-block-social-link\"><a href=\"https:\/\/instagram.com\/\" class=\"wp-block-social-link-anchor\"><svg width=\"24\" height=\"24\" viewBox=\"0 0 24 24\" version=\"1.1\" xmlns=\"http:\/\/www.w3.org\/2000\/svg\" aria-hidden=\"true\" focusable=\"false\"><path d=\"M12,4.622c2.403,0,2.688,0.009,3.637,0.052c0.877,0.04,1.354,0.187,1.671,0.31c0.42,0.163,0.72,0.358,1.035,0.673 c0.315,0.315,0.51,0.615,0.673,1.035c0.123,0.317,0.27,0.794,0.31,1.671c0.043,0.949,0.052,1.234,0.052,3.637 s-0.009,2.688-0.052,3.637c-0.04,0.877-0.187,1.354-0.31,1.671c-0.163,0.42-0.358,0.72-0.673,1.035 c-0.315,0.315-0.615,0.51-1.035,0.673c-0.317,0.123-0.794,0.27-1.671,0.31c-0.949,0.043-1.233,0.052-3.637,0.052 s-2.688-0.009-3.637-0.052c-0.877-0.04-1.354-0.187-1.671-0.31c-0.42-0.163-0.72-0.358-1.035-0.673 c-0.315-0.315-0.51-0.615-0.673-1.035c-0.123-0.317-0.27-0.794-0.31-1.671C4.631,14.688,4.622,14.403,4.622,12 s0.009-2.688,0.052-3.637c0.04-0.877,0.187-1.354,0.31-1.671c0.163-0.42,0.358-0.72,0.673-1.035 c0.315-0.315,0.615-0.51,1.035-0.673c0.317-0.123,0.794-0.27,1.671-0.31C9.312,4.631,9.597,4.622,12,4.622 M12,3 C9.556,3,9.249,3.01,8.289,3.054C7.331,3.098,6.677,3.25,6.105,3.472C5.513,3.702,5.011,4.01,4.511,4.511 c-0.5,0.5-0.808,1.002-1.038,1.594C3.25,6.677,3.098,7.331,3.054,8.289C3.01,9.249,3,9.556,3,12c0,2.444,0.01,2.751,0.054,3.711 c0.044,0.958,0.196,1.612,0.418,2.185c0.23,0.592,0.538,1.094,1.038,1.594c0.5,0.5,1.002,0.808,1.594,1.038 c0.572,0.222,1.227,0.375,2.185,0.418C9.249,20.99,9.556,21,12,21s2.751-0.01,3.711-0.054c0.958-0.044,1.612-0.196,2.185-0.418 c0.592-0.23,1.094-0.538,1.594-1.038c0.5-0.5,0.808-1.002,1.038-1.594c0.222-0.572,0.375-1.227,0.418-2.185 C20.99,14.751,21,14.444,21,12s-0.01-2.751-0.054-3.711c-0.044-0.958-0.196-1.612-0.418-2.185c-0.23-0.592-0.538-1.094-1.038-1.594 c-0.5-0.5-1.002-0.808-1.594-1.038c-0.572-0.222-1.227-0.375-2.185-0.418C14.751,3.01,14.444,3,12,3L12,3z M12,7.378 c-2.552,0-4.622,2.069-4.622,4.622S9.448,16.622,12,16.622s4.622-2.069,4.622-4.622S14.552,7.378,12,7.378z M12,15 c-1.657,0-3-1.343-3-3s1.343-3,3-3s3,1.343,3,3S13.657,15,12,15z M16.804,6.116c-0.596,0-1.08,0.484-1.08,1.08 s0.484,1.08,1.08,1.08c0.596,0,1.08-0.484,1.08-1.08S17.401,6.116,16.804,6.116z\"><\/path><\/svg><span class=\"wp-block-social-link-label screen-reader-text\">Instagram<\/span><\/a><\/li><\/ul>\r\n<\/div><\/div>\r\n<\/div><\/div>\r\n","protected":false},"excerpt":{"rendered":"<p>Marc Lenoble Antoine Lecouffe Coachs sportifs et pr\u00e9parateurs physiques ind\u00e9pendants. Dipl\u00f4m\u00e9s d&#8217;une licence Entrainement sportif et d&#8217;un Master Entrainement et optimisation de la performance. Sp\u00e9cialiste sant\u00e9\/bien \u00eatre. Habilit\u00e9 \u00e0 l&#8217;encadrement li\u00e9 \u00e0 l&#8217;activit\u00e9 physique sur le terrain.<\/p>\n","protected":false},"author":1,"featured_media":0,"parent":0,"menu_order":0,"comment_status":"closed","ping_status":"closed","template":"","meta":{"_uag_custom_page_level_css":"","footnotes":""},"class_list":["post-30","page","type-page","status-publish","hentry"],"uagb_featured_image_src":{"full":false,"thumbnail":false,"medium":false,"medium_large":false,"large":false,"1536x1536":false,"2048x2048":false,"suffice-thumbnail-grid":false,"suffice-thumbnail-featured-one":false,"suffice-thumbnail-featured-two":false,"suffice-thumbnail-portfolio":false,"suffice-thumbnail-portfolio-masonry":false},"uagb_author_info":{"display_name":"admin4746","author_link":"https:\/\/coachingsportifentrepriselille.fr\/?author=1"},"uagb_comment_info":0,"uagb_excerpt":"Marc Lenoble Antoine Lecouffe Coachs sportifs et pr\u00e9parateurs physiques ind\u00e9pendants. Dipl\u00f4m\u00e9s d&#8217;une licence Entrainement sportif et d&#8217;un Master Entrainement et optimisation de la performance. Sp\u00e9cialiste sant\u00e9\/bien \u00eatre. Habilit\u00e9 \u00e0 l&#8217;encadrement li\u00e9 \u00e0 l&#8217;activit\u00e9 physique sur le terrain.","_links":{"self":[{"href":"https:\/\/coachingsportifentrepriselille.fr\/index.php?rest_route=\/wp\/v2\/pages\/30","targetHints":{"allow":["GET"]}}],"collection":[{"href":"https:\/\/coachingsportifentrepriselille.fr\/index.php?rest_route=\/wp\/v2\/pages"}],"about":[{"href":"https:\/\/coachingsportifentrepriselille.fr\/index.php?rest_route=\/wp\/v2\/types\/page"}],"author":[{"embeddable":true,"href":"https:\/\/coachingsportifentrepriselille.fr\/index.php?rest_route=\/wp\/v2\/users\/1"}],"replies":[{"embeddable":true,"href":"https:\/\/coachingsportifentrepriselille.fr\/index.php?rest_route=%2Fwp%2Fv2%2Fcomments&post=30"}],"version-history":[{"count":2,"href":"https:\/\/coachingsportifentrepriselille.fr\/index.php?rest_route=\/wp\/v2\/pages\/30\/revisions"}],"predecessor-version":[{"id":370,"href":"https:\/\/coachingsportifentrepriselille.fr\/index.php?rest_route=\/wp\/v2\/pages\/30\/revisions\/370"}],"wp:attachment":[{"href":"https:\/\/coachingsportifentrepriselille.fr\/index.php?rest_route=%2Fwp%2Fv2%2Fmedia&parent=30"}],"curies":[{"name":"wp","href":"https:\/\/api.w.org\/{rel}","templated":true}]}}