{"id":28,"date":"2022-09-30T14:12:11","date_gmt":"2022-09-30T12:12:11","guid":{"rendered":"https:\/\/hawformationpostureettms.wordpress.com\/?page_id=10"},"modified":"2022-12-07T16:29:00","modified_gmt":"2022-12-07T15:29:00","slug":"la-formation-h-a-w","status":"publish","type":"page","link":"https:\/\/coachingsportifentrepriselille.fr\/?page_id=28","title":{"rendered":"La formation H.A.W"},"content":{"rendered":"\r\n<div class=\"wp-block-cover alignfull is-light\"><img decoding=\"async\" class=\"wp-block-cover__image-background wp-image-76\" style=\"object-position: 46% 0;\" src=\"https:\/\/hawformationpostureettms.files.wordpress.com\/2022\/09\/sport-treadmill-tor-route-163444.jpeg\" alt=\"\" data-object-fit=\"cover\" data-object-position=\"46% 0%\" \/>\r\n<div class=\"wp-block-cover__inner-container is-layout-flow wp-block-cover-is-layout-flow\">\r\n<h1 class=\"has-text-align-center has-black-color has-text-color wp-block-heading\">Notre principe :<\/h1>\r\n\r\n\r\n\r\n<h1 class=\"has-text-align-center has-black-color has-text-color wp-block-heading\">De la sensibilisation \u00e0 l&#8217;autonomie<\/h1>\r\n\r\n\r\n\r\n<p class=\"has-text-align-center has-black-color has-text-color has-medium-font-size\">\u00a0<\/p>\r\n\r\n\r\n\r\n<div class=\"wp-block-buttons is-horizontal is-content-justification-center is-layout-flex wp-container-core-buttons-is-layout-499968f5 wp-block-buttons-is-layout-flex\">\r\n<div class=\"wp-block-button is-style-outline is-style-outline--1\"><a class=\"wp-block-button__link has-white-color has-background-background-color has-text-color has-background wp-element-button\" href=\"https:\/\/hawformationpostureettms.wordpress.com\/nous-contacter\/\" target=\"_blank\" rel=\"noreferrer noopener\">Nous Contacter<\/a><\/div>\r\n<\/div>\r\n<\/div>\r\n<\/div>\r\n\r\n\r\n\r\n<p class=\"has-text-align-center\">Du bilan \u00e0 la formation d&#8217;\u00e9chauffement, d&#8217;\u00e9tirements et aux s\u00e9ances d&#8217;activit\u00e9 physique adapt\u00e9e au travail sur 4 \u00e0 6 interventions selon la formation choisie.<\/p>\r\n\r\n\r\n\r\n<p class=\"has-text-align-center\">Nous vous proposons de mettre en place notre rotocole enti\u00e8rement personnalis\u00e9 pour les besoins des collaborateurs de l&#8217;entreprise, modulable selon les besoins.<\/p>\r\n\r\n\r\n\r\n<p class=\"has-text-align-center\">Chaque s\u00e9ance est compos\u00e9 d&#8217;une partie th\u00e9orique et d&#8217;une partie pratique de 30 minutes chacune, afin de mettre en application le contenu des th\u00e9matiques abord\u00e9es.<\/p>\r\n\r\n\r\n\r\n<p class=\"has-text-align-center\">Nous nous limitons \u00e0 8 collaborateurs par coach H.A.W afin d&#8217;avoir la meilleure attention possible.<\/p>\r\n\r\n\r\n\r\n<p class=\"has-text-align-center\">D\u00e9p\u00f4t en fin de formation d&#8217;un carnet digitalis\u00e9 en format pdf, contenant les r\u00e9sum\u00e9s des diff\u00e9rentes interventions, ainsi que des fiches r\u00e9sum\u00e9s expliquant les routines \u00e0 effectuer au quotidien pour vos collaborateurs.<\/p>\r\n\r\n\r\n\r\n<h2 class=\"has-text-align-center wp-block-heading\"><span style=\"text-decoration: underline;\">Proposition de 2 formations diff\u00e9rentes selon vos besoins<\/span><\/h2>\r\n\r\n\r\n\r\n<div class=\"wp-block-group alignfull has-background-light-background-color has-background\"><div class=\"wp-block-group__inner-container is-layout-constrained wp-block-group-is-layout-constrained\">\r\n<div class=\"wp-block-columns alignwide is-layout-flex wp-container-core-columns-is-layout-9d6595d7 wp-block-columns-is-layout-flex\">\r\n<div class=\"wp-block-column is-layout-flow wp-block-column-is-layout-flow\"><div class=\"wp-block-image\">\r\n<figure class=\"aligncenter size-large is-resized\"><img loading=\"lazy\" decoding=\"async\" class=\"wp-image-202\" src=\"https:\/\/hawformationpostureettms.files.wordpress.com\/2022\/10\/7-2.png?w=1024\" alt=\"\" width=\"400\" height=\"400\" \/><\/figure>\r\n<\/div>\r\n\r\n\r\n<p class=\"has-text-align-center\">Exploration des bases de la posture, de leur corrections \u00e0 l&#8217;apprentissage d&#8217;\u00e9chauffement et d&#8217;\u00e9tirements adapt\u00e9s au poste de travail.<\/p>\r\n<\/div>\r\n\r\n\r\n\r\n<div class=\"wp-block-column is-layout-flow wp-block-column-is-layout-flow\"><div class=\"wp-block-image\">\r\n<figure class=\"aligncenter size-large is-resized\"><img loading=\"lazy\" decoding=\"async\" class=\"wp-image-204\" src=\"https:\/\/hawformationpostureettms.files.wordpress.com\/2022\/10\/8.png?w=1024\" alt=\"\" width=\"400\" height=\"400\" \/><\/figure>\r\n<\/div>\r\n\r\n\r\n<p class=\"has-text-align-center\">M\u00eame contenu que la formation posture basique, avec deux s\u00e9ances d&#8217;activit\u00e9 physique correspondant aux besoins de vos collaborateurs.<\/p>\r\n<h4 style=\"text-align: center;\">\u00a0<\/h4>\r\n<\/div>\r\n<\/div>\r\n<\/div><\/div>\r\n\r\n\r\n\r\n<div class=\"wp-block-group alignfull has-background-light-background-color has-background\"><div class=\"wp-block-group__inner-container is-layout-constrained wp-block-group-is-layout-constrained\">\r\n<div class=\"wp-block-columns alignwide is-layout-flex wp-container-core-columns-is-layout-9d6595d7 wp-block-columns-is-layout-flex\">\r\n<div class=\"wp-block-column is-layout-flow wp-block-column-is-layout-flow\">\r\n<figure class=\"wp-block-image size-large\"><img loading=\"lazy\" decoding=\"async\" class=\"aligncenter wp-image-311 size-medium\" title=\"S\u00e9ance 1 : La traumatologie \" src=\"http:\/\/coachingsportifentrepriselille.fr\/wp-content\/uploads\/2022\/12\/H.A.W-Traumatologie-coaching-sportif-pour-entreprise-Lille-300x300.jpg\" alt=\"S\u00e9ance 1 : La traumatologie \" width=\"300\" height=\"300\" srcset=\"https:\/\/coachingsportifentrepriselille.fr\/wp-content\/uploads\/2022\/12\/H.A.W-Traumatologie-coaching-sportif-pour-entreprise-Lille-300x300.jpg 300w, https:\/\/coachingsportifentrepriselille.fr\/wp-content\/uploads\/2022\/12\/H.A.W-Traumatologie-coaching-sportif-pour-entreprise-Lille-1024x1024.jpg 1024w, https:\/\/coachingsportifentrepriselille.fr\/wp-content\/uploads\/2022\/12\/H.A.W-Traumatologie-coaching-sportif-pour-entreprise-Lille-150x150.jpg 150w, https:\/\/coachingsportifentrepriselille.fr\/wp-content\/uploads\/2022\/12\/H.A.W-Traumatologie-coaching-sportif-pour-entreprise-Lille-768x768.jpg 768w, https:\/\/coachingsportifentrepriselille.fr\/wp-content\/uploads\/2022\/12\/H.A.W-Traumatologie-coaching-sportif-pour-entreprise-Lille.jpg 1080w\" sizes=\"auto, (max-width: 300px) 100vw, 300px\" \/>\r\n<h4 style=\"text-align: center;\">S\u00e9ance 1 : La traumatologie\u00a0<\/h4>\r\n<\/figure>\r\n<p class=\"has-text-align-center\">Bilan par questionnaire afin de r\u00e9aliser une enqu\u00eate permettant de savoir si les salari\u00e9s ont des TMS et si oui \u00e0 quels endroits, \u00e0 quel intensit\u00e9 et a quel fr\u00e9quence.<\/p>\r\n\r\n\r\n\r\n<p class=\"has-text-align-center\">Passation de tests posturaux sur 4 postures fondamentales donnant une note sur 20 et indiquant les points faibles.<\/p>\r\n<h4 style=\"text-align: center;\">\u00a0<\/h4>\r\n<\/div>\r\n\r\n\r\n\r\n<div class=\"wp-block-column is-layout-flow wp-block-column-is-layout-flow\">\r\n<figure class=\"wp-block-image size-large\"><img loading=\"lazy\" decoding=\"async\" class=\"size-medium wp-image-313 aligncenter\" src=\"http:\/\/coachingsportifentrepriselille.fr\/wp-content\/uploads\/2022\/12\/H.A.W-Posturologie-coaching-sportif-pour-entreprise-Lille-300x300.jpg\" alt=\"\" width=\"300\" height=\"300\" srcset=\"https:\/\/coachingsportifentrepriselille.fr\/wp-content\/uploads\/2022\/12\/H.A.W-Posturologie-coaching-sportif-pour-entreprise-Lille-300x300.jpg 300w, https:\/\/coachingsportifentrepriselille.fr\/wp-content\/uploads\/2022\/12\/H.A.W-Posturologie-coaching-sportif-pour-entreprise-Lille-1024x1024.jpg 1024w, https:\/\/coachingsportifentrepriselille.fr\/wp-content\/uploads\/2022\/12\/H.A.W-Posturologie-coaching-sportif-pour-entreprise-Lille-150x150.jpg 150w, https:\/\/coachingsportifentrepriselille.fr\/wp-content\/uploads\/2022\/12\/H.A.W-Posturologie-coaching-sportif-pour-entreprise-Lille-768x768.jpg 768w, https:\/\/coachingsportifentrepriselille.fr\/wp-content\/uploads\/2022\/12\/H.A.W-Posturologie-coaching-sportif-pour-entreprise-Lille.jpg 1080w\" sizes=\"auto, (max-width: 300px) 100vw, 300px\" \/>\r\n<h4 style=\"text-align: center;\">S\u00e9ance 2 : La posturologie\u00a0<\/h4>\r\n<\/figure>\r\n<p class=\"has-text-align-center\">Sensibilisation \u00e0 l&#8217;importance de la posture au travail et explication des potentielles douleurs recens\u00e9\u00a0lors du questionnaire et leurs relations avec l&#8217;activit\u00e9 professionnelle.<\/p>\r\n\r\n\r\n\r\n<p class=\"has-text-align-center\">Correction des 4 postures fondamentales et exercices correctionnels expliqu\u00e9s et synth\u00e9tis\u00e9 sur le carnet de formation.<\/p>\r\n<h4 style=\"text-align: center;\">\u00a0<\/h4>\r\n<\/div>\r\n\r\n\r\n\r\n<div class=\"wp-block-column is-layout-flow wp-block-column-is-layout-flow\">\r\n<figure class=\"wp-block-image size-large\"><img loading=\"lazy\" decoding=\"async\" class=\"size-medium wp-image-315 aligncenter\" src=\"http:\/\/coachingsportifentrepriselille.fr\/wp-content\/uploads\/2022\/12\/H.A.W-Echauffement-au-travail-coaching-sportif-pour-entreprise-Lille-300x300.jpg\" alt=\"\" width=\"300\" height=\"300\" srcset=\"https:\/\/coachingsportifentrepriselille.fr\/wp-content\/uploads\/2022\/12\/H.A.W-Echauffement-au-travail-coaching-sportif-pour-entreprise-Lille-300x300.jpg 300w, https:\/\/coachingsportifentrepriselille.fr\/wp-content\/uploads\/2022\/12\/H.A.W-Echauffement-au-travail-coaching-sportif-pour-entreprise-Lille-1024x1024.jpg 1024w, https:\/\/coachingsportifentrepriselille.fr\/wp-content\/uploads\/2022\/12\/H.A.W-Echauffement-au-travail-coaching-sportif-pour-entreprise-Lille-150x150.jpg 150w, https:\/\/coachingsportifentrepriselille.fr\/wp-content\/uploads\/2022\/12\/H.A.W-Echauffement-au-travail-coaching-sportif-pour-entreprise-Lille-768x768.jpg 768w, https:\/\/coachingsportifentrepriselille.fr\/wp-content\/uploads\/2022\/12\/H.A.W-Echauffement-au-travail-coaching-sportif-pour-entreprise-Lille.jpg 1080w\" sizes=\"auto, (max-width: 300px) 100vw, 300px\" \/>\r\n<h4 style=\"text-align: center;\">S\u00e9ance 3 : L&#8217;\u00e9chauffement\u00a0<\/h4>\r\n<\/figure>\r\n<p class=\"has-text-align-center\">Explication de l&#8217;importance de la pratique d&#8217;\u00e9chauffement avant la prise de poste et au retour de pause, en fonction des besoins de l&#8217;activit\u00e9 professionnelle. \u00a0<\/p>\r\n\r\n\r\n\r\n<p class=\"has-text-align-center\">Proposition d&#8217;\u00e9chauffements\u00a0adapt\u00e9s au poste de travail (partie pratique) avec synth\u00e8se d\u00e9taill\u00e9e dans le carnet de formation.<\/p>\r\n<h4 style=\"text-align: center;\">\u00a0<\/h4>\r\n<\/div>\r\n<\/div>\r\n<\/div><\/div>\r\n\r\n\r\n\r\n<div class=\"wp-block-group alignfull has-background-light-background-color has-background\"><div class=\"wp-block-group__inner-container is-layout-constrained wp-block-group-is-layout-constrained\">\r\n<div class=\"wp-block-columns alignwide is-layout-flex wp-container-core-columns-is-layout-9d6595d7 wp-block-columns-is-layout-flex\">\r\n<div class=\"wp-block-column is-layout-flow wp-block-column-is-layout-flow\">\r\n<figure class=\"wp-block-image size-large\"><img loading=\"lazy\" decoding=\"async\" class=\"size-medium wp-image-316 aligncenter\" src=\"http:\/\/coachingsportifentrepriselille.fr\/wp-content\/uploads\/2022\/12\/H.A.W-Etirements-au-travail-coaching-sportif-pour-entreprise-Lille-300x300.jpg\" alt=\"\" width=\"300\" height=\"300\" srcset=\"https:\/\/coachingsportifentrepriselille.fr\/wp-content\/uploads\/2022\/12\/H.A.W-Etirements-au-travail-coaching-sportif-pour-entreprise-Lille-300x300.jpg 300w, https:\/\/coachingsportifentrepriselille.fr\/wp-content\/uploads\/2022\/12\/H.A.W-Etirements-au-travail-coaching-sportif-pour-entreprise-Lille-1024x1024.jpg 1024w, https:\/\/coachingsportifentrepriselille.fr\/wp-content\/uploads\/2022\/12\/H.A.W-Etirements-au-travail-coaching-sportif-pour-entreprise-Lille-150x150.jpg 150w, https:\/\/coachingsportifentrepriselille.fr\/wp-content\/uploads\/2022\/12\/H.A.W-Etirements-au-travail-coaching-sportif-pour-entreprise-Lille-768x768.jpg 768w, https:\/\/coachingsportifentrepriselille.fr\/wp-content\/uploads\/2022\/12\/H.A.W-Etirements-au-travail-coaching-sportif-pour-entreprise-Lille.jpg 1080w\" sizes=\"auto, (max-width: 300px) 100vw, 300px\" \/>\r\n<h4 style=\"text-align: center;\">S\u00e9ance 4 : Les \u00e9tirements :\u00a0<\/h4>\r\n<\/figure>\r\n<p class=\"has-text-align-center\">Explication de l&#8217;importance de la pratique des \u00e9tirements apr\u00e8s une journ\u00e9e de travail.\u00a0<\/p>\r\n\r\n\r\n\r\n<p class=\"has-text-align-center\">Proposition d&#8217;\u00e9tirements adapt\u00e9es aux contraintes du poste de travail (partie pratique) avec synth\u00e8se dans le carnet de formation.<\/p>\r\n<h4 style=\"text-align: center;\">\u00a0<\/h4>\r\n<\/div>\r\n\r\n\r\n\r\n<div class=\"wp-block-column is-layout-flow wp-block-column-is-layout-flow\">\r\n<figure class=\"wp-block-image size-large\"><img loading=\"lazy\" decoding=\"async\" class=\"size-medium wp-image-323 aligncenter\" src=\"http:\/\/coachingsportifentrepriselille.fr\/wp-content\/uploads\/2022\/12\/H.A.W-Coaching-sportif-en-entreprise-region-de-Lille-300x300.jpg\" alt=\"\" width=\"300\" height=\"300\" srcset=\"https:\/\/coachingsportifentrepriselille.fr\/wp-content\/uploads\/2022\/12\/H.A.W-Coaching-sportif-en-entreprise-region-de-Lille-300x300.jpg 300w, https:\/\/coachingsportifentrepriselille.fr\/wp-content\/uploads\/2022\/12\/H.A.W-Coaching-sportif-en-entreprise-region-de-Lille-1024x1024.jpg 1024w, https:\/\/coachingsportifentrepriselille.fr\/wp-content\/uploads\/2022\/12\/H.A.W-Coaching-sportif-en-entreprise-region-de-Lille-150x150.jpg 150w, https:\/\/coachingsportifentrepriselille.fr\/wp-content\/uploads\/2022\/12\/H.A.W-Coaching-sportif-en-entreprise-region-de-Lille-768x768.jpg 768w, https:\/\/coachingsportifentrepriselille.fr\/wp-content\/uploads\/2022\/12\/H.A.W-Coaching-sportif-en-entreprise-region-de-Lille.jpg 1080w\" sizes=\"auto, (max-width: 300px) 100vw, 300px\" \/><br \/>\r\n<h4 style=\"text-align: center;\">S\u00e9ance 5 : 1\u00e8re s\u00e9ance d&#8217;AP :\u00a0<\/h4>\r\n<\/figure>\r\n<p class=\"has-text-align-center\">Explication de l&#8217;importance de la pratique d&#8217;une activit\u00e9 physique en parall\u00e8le de l&#8217;activit\u00e9 professionnelle. \u00a0<\/p>\r\n\r\n\r\n\r\n<p class=\"has-text-align-center\">Proposition d&#8217;une s\u00e9ance d&#8217;activit\u00e9 physique d\u00e9taill\u00e9e et adapt\u00e9e au poste de travail (partie pratique) avec synth\u00e8se dans le carnet de formation.<\/p>\r\n<h4 style=\"text-align: center;\">\u00a0<\/h4>\r\n<\/div>\r\n\r\n\r\n\r\n<div class=\"wp-block-column is-layout-flow wp-block-column-is-layout-flow\">\r\n<figure class=\"wp-block-image size-large\"><img loading=\"lazy\" decoding=\"async\" class=\"size-medium wp-image-318 aligncenter\" src=\"http:\/\/coachingsportifentrepriselille.fr\/wp-content\/uploads\/2022\/12\/H.A.W-Coaching-sportifs-pour-entreprise-region-Lilloise-300x300.jpg\" alt=\"\" width=\"300\" height=\"300\" srcset=\"https:\/\/coachingsportifentrepriselille.fr\/wp-content\/uploads\/2022\/12\/H.A.W-Coaching-sportifs-pour-entreprise-region-Lilloise-300x300.jpg 300w, https:\/\/coachingsportifentrepriselille.fr\/wp-content\/uploads\/2022\/12\/H.A.W-Coaching-sportifs-pour-entreprise-region-Lilloise-1024x1024.jpg 1024w, https:\/\/coachingsportifentrepriselille.fr\/wp-content\/uploads\/2022\/12\/H.A.W-Coaching-sportifs-pour-entreprise-region-Lilloise-150x150.jpg 150w, https:\/\/coachingsportifentrepriselille.fr\/wp-content\/uploads\/2022\/12\/H.A.W-Coaching-sportifs-pour-entreprise-region-Lilloise-768x768.jpg 768w, https:\/\/coachingsportifentrepriselille.fr\/wp-content\/uploads\/2022\/12\/H.A.W-Coaching-sportifs-pour-entreprise-region-Lilloise.jpg 1080w\" sizes=\"auto, (max-width: 300px) 100vw, 300px\" \/>\r\n<h4 style=\"text-align: center;\">S\u00e9ance 6 : 2nd s\u00e9ance d&#8217;AP :<\/h4>\r\n<\/figure>\r\n<p class=\"has-text-align-center\">Proposition d&#8217;une 2\u00e8me s\u00e9ance adapt\u00e9e au poste de travail, avec synth\u00e8se dans le carnet de formation.\u00a0<\/p>\r\n<p style=\"text-align: center;\">Pratique en semi autonomie des collaborateurs de l&#8217;\u00e9chauffement aux \u00e9tirements, en passant par la s\u00e9ance d&#8217;activit\u00e9 physique.<\/p>\r\n<\/div>\r\n<p>&nbsp;<\/p>\r\n<\/div>\r\n<\/div><\/div>\r\n\r\n\r\n\r\n<div class=\"wp-block-group alignfull\"><div class=\"wp-block-group__inner-container is-layout-flow wp-block-group-is-layout-flow\">\r\n<div class=\"wp-block-columns alignwide is-layout-flex wp-container-core-columns-is-layout-9d6595d7 wp-block-columns-is-layout-flex\">\r\n<div class=\"wp-block-column is-vertically-aligned-center is-layout-flow wp-block-column-is-layout-flow\" style=\"flex-basis: 67%;\">\r\n<figure class=\"wp-block-pullquote\">\r\n<blockquote>\r\n<p>&#8220;Investir dans la formation c&#8217;est conjuguer au pr\u00e9sent mais aussi au futur le souci des hommes et le souci des r\u00e9sultats.&#8221;<\/p>\r\n<cite>P.. BLOCH<\/cite><\/blockquote>\r\n<\/figure>\r\n<\/div>\r\n<\/div>\r\n\r\n\r\n<\/div>\r\n<div class=\"wp-block-group alignfull has-foreground-background-color has-background\">\r\n<div class=\"wp-block-spacer desktop-only\" style=\"height: 64px; text-align: center;\" aria-hidden=\"true\"><a class=\"wp-block-button__link has-white-color has-background-background-color has-text-color has-background wp-element-button\" href=\"https:\/\/hawformationpostureettms.wordpress.com\/nous-contacter\/\" target=\"_blank\" rel=\"noreferrer noopener\">Nous Contacter<\/a><\/div>\r\n<\/div><\/div>\r\n","protected":false},"excerpt":{"rendered":"<p>Du bilan \u00e0 la formation d&#8217;\u00e9chauffement, d&#8217;\u00e9tirements et aux s\u00e9ances d&#8217;activit\u00e9 physique adapt\u00e9e au travail sur 4 \u00e0 6 interventions selon la formation choisie. Nous vous proposons de mettre en place notre rotocole enti\u00e8rement personnalis\u00e9 pour les besoins des collaborateurs<\/p>\n","protected":false},"author":1,"featured_media":0,"parent":0,"menu_order":0,"comment_status":"closed","ping_status":"closed","template":"","meta":{"_uag_custom_page_level_css":"","footnotes":""},"class_list":["post-28","page","type-page","status-publish","hentry"],"uagb_featured_image_src":{"full":false,"thumbnail":false,"medium":false,"medium_large":false,"large":false,"1536x1536":false,"2048x2048":false,"suffice-thumbnail-grid":false,"suffice-thumbnail-featured-one":false,"suffice-thumbnail-featured-two":false,"suffice-thumbnail-portfolio":false,"suffice-thumbnail-portfolio-masonry":false},"uagb_author_info":{"display_name":"admin4746","author_link":"https:\/\/coachingsportifentrepriselille.fr\/?author=1"},"uagb_comment_info":0,"uagb_excerpt":"Du bilan \u00e0 la formation d&#8217;\u00e9chauffement, d&#8217;\u00e9tirements et aux s\u00e9ances d&#8217;activit\u00e9 physique adapt\u00e9e au travail sur 4 \u00e0 6 interventions selon la formation choisie. Nous vous proposons de mettre en place notre rotocole enti\u00e8rement personnalis\u00e9 pour les besoins des collaborateurs","_links":{"self":[{"href":"https:\/\/coachingsportifentrepriselille.fr\/index.php?rest_route=\/wp\/v2\/pages\/28","targetHints":{"allow":["GET"]}}],"collection":[{"href":"https:\/\/coachingsportifentrepriselille.fr\/index.php?rest_route=\/wp\/v2\/pages"}],"about":[{"href":"https:\/\/coachingsportifentrepriselille.fr\/index.php?rest_route=\/wp\/v2\/types\/page"}],"author":[{"embeddable":true,"href":"https:\/\/coachingsportifentrepriselille.fr\/index.php?rest_route=\/wp\/v2\/users\/1"}],"replies":[{"embeddable":true,"href":"https:\/\/coachingsportifentrepriselille.fr\/index.php?rest_route=%2Fwp%2Fv2%2Fcomments&post=28"}],"version-history":[{"count":10,"href":"https:\/\/coachingsportifentrepriselille.fr\/index.php?rest_route=\/wp\/v2\/pages\/28\/revisions"}],"predecessor-version":[{"id":324,"href":"https:\/\/coachingsportifentrepriselille.fr\/index.php?rest_route=\/wp\/v2\/pages\/28\/revisions\/324"}],"wp:attachment":[{"href":"https:\/\/coachingsportifentrepriselille.fr\/index.php?rest_route=%2Fwp%2Fv2%2Fmedia&parent=28"}],"curies":[{"name":"wp","href":"https:\/\/api.w.org\/{rel}","templated":true}]}}