{"id":22,"date":"2022-09-29T12:58:45","date_gmt":"2022-09-29T11:58:45","guid":{"rendered":"https:\/\/hawformationpostureettms.wordpress.com\/home\/"},"modified":"2022-12-29T11:35:28","modified_gmt":"2022-12-29T10:35:28","slug":"home","status":"publish","type":"page","link":"https:\/\/coachingsportifentrepriselille.fr\/","title":{"rendered":"Accueil"},"content":{"rendered":"<div class=\"wp-block-group alignfull has-background-background-color has-text-color has-background\" style=\"color: #000000; margin-top: 0px; margin-bottom: 0px; padding: 30px;\">\r\n<div class=\"wp-block-group alignwide has-white-background-color has-background\" style=\"margin-top: 0px; margin-bottom: 0px; padding-top: 7vw; padding-bottom: 7vw;\">\r\n<div class=\"wp-block-columns alignwide\">\r\n<div class=\"wp-block-column is-vertically-aligned-center\">\r\n<h2 style=\"margin-top: 0px; text-align: center;\">&#8220;Votre partenaire sant\u00e9 par l&#8217;activit\u00e9 physique au travail&#8221;<\/h2>\r\n<!-- \/wp:post-content -->\r\n\r\n<!-- wp:paragraph -->\r\n<p>Notre but est de former, sensibiliser et pr\u00e9venir les Troubles Musculo Squelettiques pour am\u00e9liorer la sant\u00e9 et le bien \u00eatre de vos collaborateurs.<\/p>\r\n<!-- \/wp:paragraph -->\r\n\r\n<!-- wp:paragraph -->\r\n<p>Notre objectif ? Augmenter la rentabilit\u00e9 de votre entreprise en r\u00e9duisant l&#8217;absent\u00e9isme et les arr\u00eats de travail.<\/p>\r\n<!-- \/wp:paragraph -->\r\n\r\n<!-- wp:buttons {\"layout\":{\"type\":\"flex\",\"justifyContent\":\"center\"}} -->\r\n<div class=\"wp-block-buttons\"><!-- wp:button {\"backgroundColor\":\"black\",\"textColor\":\"white\"} -->\r\n<div class=\"wp-block-button\" style=\"text-align: center;\"><a class=\"wp-block-button__link has-white-color has-black-background-color has-text-color has-background wp-element-button\" href=\"http:\/\/coachingsportifentrepriselille.fr\/?page_id=29\" target=\"_blank\" rel=\"noreferrer noopener\">Contactez nous<\/a><\/div>\r\n<!-- \/wp:button --><\/div>\r\n<!-- \/wp:buttons --><\/div>\r\n<!-- \/wp:column -->\r\n\r\n<!-- wp:column -->\r\n<div class=\"wp-block-column\"><!-- wp:image {\"id\":55,\"sizeSlug\":\"large\",\"linkDestination\":\"none\"} -->\r\n<figure class=\"wp-block-image size-large\"><a href=\"http:\/\/coachingsportifentrepriselille.fr\/\"><img decoding=\"async\" class=\"wp-image-55\" src=\"https:\/\/hawformationpostureettms.files.wordpress.com\/2022\/10\/284317260_425310879109326_5945660540409262638_n-edited.png?w=1024\" alt=\"\" \/><\/a><\/figure>\r\n<\/div>\r\n<\/div>\r\n<\/div>\r\n<\/div>\r\n<div class=\"wp-block-group alignwide has-white-background-color has-text-color has-background\" style=\"color: #000000; margin-top: 0px; margin-bottom: 0px; padding-top: 7vw; padding-bottom: 7vw;\">\r\n<div class=\"wp-block-columns alignwide\">\r\n<div class=\"wp-block-column\" style=\"flex-basis: 68%;\">\r\n<h2 class=\"has-text-align-center has-black-color has-text-color\" style=\"font-size: 40px; line-height: 1.38; margin: 0px; text-align: center;\"><strong><span style=\"text-decoration: underline;\">Nos prestations<\/span><\/strong><\/h2>\r\n<\/div>\r\n<\/div>\r\n<div class=\"wp-block-columns alignwide\">\r\n<div class=\"wp-block-column has-white-color has-text-color\">\r\n<p class=\"has-text-align-center has-luminous-vivid-orange-color has-text-color has-medium-font-size\" style=\"text-align: center;\"><span style=\"color: #000000;\"><strong><span style=\"text-decoration: underline;\">La formation H.A.W<\/span><\/strong><\/span><\/p>\r\n<p class=\"has-text-align-center has-luminous-vivid-orange-color has-text-color has-medium-font-size\" style=\"text-align: center;\"><span style=\"color: #000000;\">De la sensibilisation \u00e0 l&#8217;autonomie<\/span><\/p>\r\n<figure class=\"wp-block-image aligncenter size-large is-resized margin-bottom-half\"><a href=\"http:\/\/coachingsportifentrepriselille.fr\/?page_id=28\"><img loading=\"lazy\" decoding=\"async\" class=\" wp-image-158 aligncenter\" src=\"http:\/\/coachingsportifentrepriselille.fr\/wp-content\/uploads\/2022\/12\/Formation-posture-et-Trouble-musculo-squelettiques-en-entreprise-H.A.W-300x300.png\" alt=\"Formation pr\u00e9vention et posture et troubles musculo squelettiques\" width=\"260\" height=\"260\" srcset=\"https:\/\/coachingsportifentrepriselille.fr\/wp-content\/uploads\/2022\/12\/Formation-posture-et-Trouble-musculo-squelettiques-en-entreprise-H.A.W-300x300.png 300w, https:\/\/coachingsportifentrepriselille.fr\/wp-content\/uploads\/2022\/12\/Formation-posture-et-Trouble-musculo-squelettiques-en-entreprise-H.A.W-1024x1024.png 1024w, https:\/\/coachingsportifentrepriselille.fr\/wp-content\/uploads\/2022\/12\/Formation-posture-et-Trouble-musculo-squelettiques-en-entreprise-H.A.W-150x150.png 150w, https:\/\/coachingsportifentrepriselille.fr\/wp-content\/uploads\/2022\/12\/Formation-posture-et-Trouble-musculo-squelettiques-en-entreprise-H.A.W-768x768.png 768w, https:\/\/coachingsportifentrepriselille.fr\/wp-content\/uploads\/2022\/12\/Formation-posture-et-Trouble-musculo-squelettiques-en-entreprise-H.A.W.png 1080w\" sizes=\"auto, (max-width: 260px) 100vw, 260px\" \/><\/a><\/figure>\r\n<p class=\"has-text-align-center margin-top-half has-black-color has-text-color has-small-font-size\">Accompagnement personnalis\u00e9 en fonction de l&#8217;activit\u00e9 professionnelle par un coach H.A.W pour 8 collaborateurs.<\/p>\r\n<p class=\"has-text-align-center has-black-color has-text-color has-small-font-size\">Sur 4 \u00e0 6 s\u00e9ances d&#8217;une heure en fonction de la formation choisie.<\/p>\r\n<div class=\"wp-block-buttons\">\r\n<div class=\"wp-block-button\" style=\"text-align: center;\"><strong><span style=\"color: #000000;\"><a class=\"wp-block-button__link has-white-background-color has-background wp-element-button\" style=\"color: #000000;\" href=\"http:\/\/coachingsportifentrepriselille.fr\/?page_id=28\" target=\"_blank\" rel=\"noreferrer noopener\">En savoir plus <\/a><a class=\"wp-block-button__link has-white-color has-black-background-color has-text-color has-background wp-element-button\" href=\"http:\/\/coachingsportifentrepriselille.fr\/?page_id=29\" target=\"_blank\" rel=\"noreferrer noopener\">Contactez nous<\/a><\/span><\/strong><\/div>\r\n<div>\u00a0<\/div>\r\n<\/div>\r\n<\/div>\r\n<div class=\"wp-block-column\">\r\n<p class=\"has-text-align-center has-luminous-vivid-orange-color has-text-color has-medium-font-size\" style=\"text-align: center;\"><span style=\"color: #000000;\"><strong><span style=\"text-decoration: underline;\">Le team building H.A.W<\/span><\/strong><\/span><\/p>\r\n<p class=\"has-text-align-center has-luminous-vivid-orange-color has-text-color has-medium-font-size\" style=\"text-align: center;\"><span style=\"color: #000000;\">Pr\u00e9venir et comprendre les risques<\/span><\/p>\r\n<p class=\"has-text-align-center has-luminous-vivid-orange-color has-text-color has-medium-font-size\"><a href=\"http:\/\/coachingsportifentrepriselille.fr\/?page_id=141\"><img loading=\"lazy\" decoding=\"async\" class=\"aligncenter wp-image-160 \" src=\"http:\/\/coachingsportifentrepriselille.fr\/wp-content\/uploads\/2022\/12\/Team-building-Posture-et-prevention-Troubles-musculo-squelettiques-en-entreprise-300x300.png\" alt=\"\" width=\"260\" height=\"260\" srcset=\"https:\/\/coachingsportifentrepriselille.fr\/wp-content\/uploads\/2022\/12\/Team-building-Posture-et-prevention-Troubles-musculo-squelettiques-en-entreprise-300x300.png 300w, https:\/\/coachingsportifentrepriselille.fr\/wp-content\/uploads\/2022\/12\/Team-building-Posture-et-prevention-Troubles-musculo-squelettiques-en-entreprise-1024x1024.png 1024w, https:\/\/coachingsportifentrepriselille.fr\/wp-content\/uploads\/2022\/12\/Team-building-Posture-et-prevention-Troubles-musculo-squelettiques-en-entreprise-150x150.png 150w, https:\/\/coachingsportifentrepriselille.fr\/wp-content\/uploads\/2022\/12\/Team-building-Posture-et-prevention-Troubles-musculo-squelettiques-en-entreprise-768x768.png 768w, https:\/\/coachingsportifentrepriselille.fr\/wp-content\/uploads\/2022\/12\/Team-building-Posture-et-prevention-Troubles-musculo-squelettiques-en-entreprise.png 1080w\" sizes=\"auto, (max-width: 260px) 100vw, 260px\" \/><\/a><\/p>\r\n<p class=\"has-text-align-center margin-top-half has-black-color has-text-color has-small-font-size\">Animation de team building sur la posture au travail et la pr\u00e9vention des Troubles musculo squelettiques en entreprise.<\/p>\r\n<p class=\"has-text-align-center margin-top-half has-black-color has-text-color has-small-font-size\">Comprenant le contenu synth\u00e9tis\u00e9 de la formation H.A.W.<\/p>\r\n<div class=\"wp-block-buttons\">\r\n<div class=\"wp-block-button\" style=\"text-align: center;\"><strong><span style=\"color: #000000;\"><a class=\"wp-block-button__link has-white-background-color has-background wp-element-button\" style=\"color: #000000;\" href=\"http:\/\/coachingsportifentrepriselille.fr\/?page_id=131\" target=\"_blank\" rel=\"noreferrer noopener\">En savoir plus<\/a><a class=\"wp-block-button__link has-white-color has-black-background-color has-text-color has-background wp-element-button\" href=\"http:\/\/coachingsportifentrepriselille.fr\/?page_id=29\" target=\"_blank\" rel=\"noreferrer noopener\"> Contactez nous<\/a><\/span><\/strong><\/div>\r\n<div>\u00a0<\/div>\r\n<\/div>\r\n<\/div>\r\n<div class=\"wp-block-column\">\r\n<p class=\"has-text-align-center has-luminous-vivid-orange-color has-text-color has-medium-font-size\" style=\"text-align: center;\"><span style=\"color: #000000;\"><strong><span style=\"text-decoration: underline;\">Le coaching H.A.W<\/span><\/strong><\/span><\/p>\r\n<p class=\"has-text-align-center has-luminous-vivid-orange-color has-text-color has-medium-font-size\" style=\"text-align: center;\"><span style=\"color: #000000;\">Dynamisez vos \u00e9quipes au travail<\/span><\/p>\r\n<figure class=\"wp-block-image aligncenter size-large is-resized margin-bottom-half\">\r\n<p><a href=\"http:\/\/coachingsportifentrepriselille.fr\/?page_id=141\"><img loading=\"lazy\" decoding=\"async\" class=\"aligncenter wp-image-161 \" src=\"http:\/\/coachingsportifentrepriselille.fr\/wp-content\/uploads\/2022\/12\/Coaching-sportif-en-entreprise-H.A.W-posture-et-troubles-musculo-squelettiques-300x300.png\" alt=\"\" width=\"260\" height=\"260\" srcset=\"https:\/\/coachingsportifentrepriselille.fr\/wp-content\/uploads\/2022\/12\/Coaching-sportif-en-entreprise-H.A.W-posture-et-troubles-musculo-squelettiques-300x300.png 300w, https:\/\/coachingsportifentrepriselille.fr\/wp-content\/uploads\/2022\/12\/Coaching-sportif-en-entreprise-H.A.W-posture-et-troubles-musculo-squelettiques-1024x1024.png 1024w, https:\/\/coachingsportifentrepriselille.fr\/wp-content\/uploads\/2022\/12\/Coaching-sportif-en-entreprise-H.A.W-posture-et-troubles-musculo-squelettiques-150x150.png 150w, https:\/\/coachingsportifentrepriselille.fr\/wp-content\/uploads\/2022\/12\/Coaching-sportif-en-entreprise-H.A.W-posture-et-troubles-musculo-squelettiques-768x768.png 768w, https:\/\/coachingsportifentrepriselille.fr\/wp-content\/uploads\/2022\/12\/Coaching-sportif-en-entreprise-H.A.W-posture-et-troubles-musculo-squelettiques.png 1080w\" sizes=\"auto, (max-width: 260px) 100vw, 260px\" \/><\/a>Encadrement de s\u00e9ances de coaching sportif en entreprise sur le lieu de travail par groupe de 4 collaborateurs.<\/p>\r\n<\/figure>\r\n<p class=\"has-text-align-center has-black-color has-text-color has-small-font-size\">Sur des s\u00e9ances de 30 minutes sur les horaires de pause.<\/p>\r\n<div class=\"wp-block-buttons\">\r\n<div class=\"wp-block-button\" style=\"text-align: center;\"><strong><strong><span style=\"color: #000000;\"><a class=\"wp-block-button__link has-black-color has-white-background-color has-text-color has-background wp-element-button\" style=\"color: #000000;\" href=\"http:\/\/coachingsportifentrepriselille.fr\/?page_id=141\" target=\"_blank\" rel=\"noreferrer noopener\">En savoir plus <\/a><a class=\"wp-block-button__link has-white-color has-black-background-color has-text-color has-background wp-element-button\" href=\"http:\/\/coachingsportifentrepriselille.fr\/?page_id=29\" target=\"_blank\" rel=\"noreferrer noopener\">Contactez nous<\/a><\/span><\/strong><\/strong><\/div>\r\n<\/div>\r\n<\/div>\r\n<\/div>\r\n<\/div>\r\n<h2 style=\"text-align: center;\"><strong>Les bien faits du sport en entreprise :<\/strong><\/h2>\r\n<p>Le sport en entreprise va offrir de multiples b\u00e9n\u00e9fices aupr\u00e8s des collaborateurs de votre entreprise.<\/p>\r\n<p>Le fait d&#8217;activer les salari\u00e9s par la pratique d&#8217;\u00e9chauffement avant la prise de poste, d&#8217;\u00e9tirements \u00e0 la fin de journ\u00e9e et de s\u00e9ance d&#8217;activit\u00e9 physique sur le lieu de travail va permettre de r\u00e9duire la s\u00e9dentarit\u00e9 au travail.\u00a0<\/p>\r\n<p>La pratique d&#8217;une activit\u00e9 physique permet \u00e9galement de r\u00e9duire le stress, de pr\u00e9venir les maladies cardiaques, du diab\u00e8te etc&#8230;.<\/p>\r\n<p>En plus de donner l&#8217;image et la r\u00e9putation d&#8217;une entreprise dynamique qui propose des services contribuant au bien \u00eatre des salari\u00e9s, cela permettra \u00e9galement d&#8217;am\u00e9liorer la productivit\u00e9 de vos salari\u00e9s. En effet, le fait de pratiquer une activit\u00e9 sportive aura des effets positif sur le corps mais \u00e9galement sur le cerveau, am\u00e9liorant ainsi le bien \u00eatre.\u00a0<\/p>\r\n<p>L&#8217;activit\u00e9 sportive permettra de r\u00e9duire l&#8217;apparition des TMS (Troubles Musculo Squelettiques) permettant de r\u00e9duire de 30% les arr\u00eats de travail correspondant \u00e0 87% des maladies professionnelles. De plus l&#8217;activit\u00e9 permettra d&#8217;am\u00e9liorer la condition physique et en parall\u00e8le r\u00e9duire le mal du si\u00e8cle le mal de dos (les lombalgies correspondent \u00e0 20% des accidents de travail).<\/p>\r\n<p>Tout cela aura un effet b\u00e9n\u00e9fique pour vos collaborateurs mais aussi pour l&#8217;entreprise avec une augmentation de la rentabilit\u00e9, de la productivit\u00e9 et une diminution de l\u2019absent\u00e9isme en r\u00e9duisant les accidents de travail de 30 \u00e0 40%.<\/p>\r\n<p>&nbsp;<\/p>\r\n<!-- \/wp:group -->\r\n\r\n<!-- wp:group {\"style\":{\"spacing\":{\"blockGap\":\"0px\"}}} -->\r\n<div class=\"wp-block-group\"><!-- wp:heading {\"style\":{\"typography\":{\"fontSize\":\"40px\"}}} -->\r\n<h2 style=\"font-size: 40px; text-align: center;\"><strong><span style=\"text-decoration: underline;\">Qui sommes nous ? <\/span><\/strong><\/h2>\r\n<!-- \/wp:heading -->\r\n\r\n<!-- wp:image {\"id\":123,\"sizeSlug\":\"large\",\"linkDestination\":\"none\",\"className\":\"margin-bottom-none\"} -->\r\n<figure class=\"wp-block-image size-large margin-bottom-none\"><img loading=\"lazy\" decoding=\"async\" class=\"alignnone  wp-image-174 aligncenter\" src=\"http:\/\/coachingsportifentrepriselille.fr\/wp-content\/uploads\/2022\/12\/Antoine-Lecouffe-et-Marc-Lenoble-coach-sportif-en-entreprise-H.A.W.png-300x236.webp\" alt=\"\" width=\"334\" height=\"263\" srcset=\"https:\/\/coachingsportifentrepriselille.fr\/wp-content\/uploads\/2022\/12\/Antoine-Lecouffe-et-Marc-Lenoble-coach-sportif-en-entreprise-H.A.W.png-300x236.webp 300w, https:\/\/coachingsportifentrepriselille.fr\/wp-content\/uploads\/2022\/12\/Antoine-Lecouffe-et-Marc-Lenoble-coach-sportif-en-entreprise-H.A.W.png.webp 563w\" sizes=\"auto, (max-width: 334px) 100vw, 334px\" \/><\/figure>\r\n<!-- \/wp:image -->\r\n\r\n<!-- wp:group {\"style\":{\"spacing\":{\"margin\":{\"top\":\"0px\"},\"padding\":{\"top\":\"40px\",\"right\":\"40px\",\"bottom\":\"40px\",\"left\":\"40px\"}},\"elements\":{\"link\":{\"color\":{\"text\":\"var:preset|color|black\"}}}},\"backgroundColor\":\"white\",\"textColor\":\"black\",\"className\":\"margin-top-none\"} -->\r\n<div class=\"wp-block-group margin-top-none has-black-color has-white-background-color has-text-color has-background has-link-color\" style=\"margin-top: 0px; padding: 40px; text-align: center;\"><!-- wp:paragraph {\"fontSize\":\"large\"} -->\r\n<p class=\"has-large-font-size\">Marc Lenoble Antoine Lecouffe<\/p>\r\n<!-- \/wp:paragraph -->\r\n\r\n<!-- wp:paragraph {\"style\":{\"typography\":{\"fontSize\":\"18px\"}},\"className\":\"margin-top-half\"} -->\r\n<p class=\"margin-top-half\" style=\"font-size: 18px;\"><span style=\"font-family: var(--wp--preset--font-family--roboto);\">Coachs sportifs et pr\u00e9parateurs physiques ind\u00e9pendants. <\/span><\/p>\r\n<!-- \/wp:paragraph -->\r\n\r\n<!-- wp:paragraph -->\r\n<p>Dipl\u00f4m\u00e9s d&#8217;une licence Entrainement sportif et d&#8217;un Master Entrainement et optimisation de la performance.<\/p>\r\n<!-- \/wp:paragraph -->\r\n\r\n<!-- wp:paragraph -->\r\n<p>Sp\u00e9cialiste sant\u00e9\/Bien \u00eatre.<\/p>\r\n<!-- \/wp:paragraph -->\r\n\r\n<!-- wp:paragraph -->\r\n<p>Habilit\u00e9 \u00e0 l&#8217;encadrement li\u00e9 \u00e0 l&#8217;activit\u00e9 physique sur le terrain.<\/p>\r\n<!-- \/wp:paragraph --><\/div>\r\n<!-- \/wp:group -->\r\n\r\n<!-- wp:group {\"style\":{\"spacing\":{\"margin\":{\"top\":\"0px\"},\"padding\":{\"top\":\"40px\",\"right\":\"40px\",\"bottom\":\"40px\",\"left\":\"40px\"}},\"elements\":{\"link\":{\"color\":{\"text\":\"var:preset|color|black\"}}}},\"backgroundColor\":\"white\",\"textColor\":\"black\",\"className\":\"margin-top-none\"} -->\r\n<div class=\"wp-block-group margin-top-none has-black-color has-white-background-color has-text-color has-background has-link-color\" style=\"margin-top: 0px; padding: 40px; text-align: center;\"><!-- wp:buttons {\"layout\":{\"type\":\"flex\",\"justifyContent\":\"center\",\"orientation\":\"horizontal\"},\"style\":{\"typography\":{\"fontStyle\":\"normal\",\"fontWeight\":\"700\"}}} -->\r\n<div class=\"wp-block-buttons\" style=\"font-style: normal; font-weight: bold;\"><!-- wp:button {\"width\":100,\"style\":{\"color\":{\"text\":\"#ffffff\",\"background\":\"#067eb1\"},\"border\":{\"radius\":\"4px\"},\"typography\":{\"fontStyle\":\"normal\",\"fontWeight\":\"500\"}}} -->\r\n<div class=\"wp-block-button has-custom-width wp-block-button__width-100\" style=\"font-style: normal; font-weight: 500; text-align: center;\"><a class=\"wp-block-button__link has-white-color has-black-background-color has-text-color has-background wp-element-button\" href=\"http:\/\/coachingsportifentrepriselille.fr\/?page_id=29\" target=\"_blank\" rel=\"noreferrer noopener\">Contactez nous<\/a><\/div>\r\n<!-- \/wp:button --><\/div>\r\n<!-- \/wp:buttons -->\r\n\r\n<!-- wp:social-links {\"iconColor\":\"black\",\"iconColorValue\":\"#000000\",\"style\":{\"spacing\":{\"blockGap\":{\"top\":\"8px\",\"left\":\"8px\"}}},\"className\":\"is-style-logos-only\",\"layout\":{\"type\":\"flex\",\"justifyContent\":\"left\"}} -->\r\n<ul class=\"wp-block-social-links has-icon-color is-style-logos-only\"><!-- wp:social-link {\"url\":\"https:\/\/www.linkedin.com\/company\/h-a-w\",\"service\":\"linkedin\"} \/-->\r\n\r\n<!-- wp:social-link {\"url\":\"https:\/\/www.instagram.com\/sep.h.a.w\",\"service\":\"instagram\"} \/--><\/ul>\r\n<!-- \/wp:social-links --><\/div>\r\n<!-- \/wp:group --><\/div>\r\n<!-- \/wp:group -->\r\n<p>&nbsp;<\/p>","protected":false},"excerpt":{"rendered":"<p>&#8220;Votre partenaire sant\u00e9 par l&#8217;activit\u00e9 physique au travail&#8221; Notre but est de former, sensibiliser et pr\u00e9venir les Troubles Musculo Squelettiques pour am\u00e9liorer la sant\u00e9 et le bien \u00eatre de vos collaborateurs. Notre objectif ? Augmenter la rentabilit\u00e9 de votre entreprise<\/p>\n","protected":false},"author":1,"featured_media":0,"parent":0,"menu_order":0,"comment_status":"closed","ping_status":"closed","template":"","meta":{"_uag_custom_page_level_css":"","footnotes":""},"class_list":["post-22","page","type-page","status-publish","hentry"],"uagb_featured_image_src":{"full":false,"thumbnail":false,"medium":false,"medium_large":false,"large":false,"1536x1536":false,"2048x2048":false,"suffice-thumbnail-grid":false,"suffice-thumbnail-featured-one":false,"suffice-thumbnail-featured-two":false,"suffice-thumbnail-portfolio":false,"suffice-thumbnail-portfolio-masonry":false},"uagb_author_info":{"display_name":"admin4746","author_link":"https:\/\/coachingsportifentrepriselille.fr\/?author=1"},"uagb_comment_info":0,"uagb_excerpt":"&#8220;Votre partenaire sant\u00e9 par l&#8217;activit\u00e9 physique au travail&#8221; Notre but est de former, sensibiliser et pr\u00e9venir les Troubles Musculo Squelettiques pour am\u00e9liorer la sant\u00e9 et le bien \u00eatre de vos collaborateurs. Notre objectif ? Augmenter la rentabilit\u00e9 de votre entreprise","_links":{"self":[{"href":"https:\/\/coachingsportifentrepriselille.fr\/index.php?rest_route=\/wp\/v2\/pages\/22","targetHints":{"allow":["GET"]}}],"collection":[{"href":"https:\/\/coachingsportifentrepriselille.fr\/index.php?rest_route=\/wp\/v2\/pages"}],"about":[{"href":"https:\/\/coachingsportifentrepriselille.fr\/index.php?rest_route=\/wp\/v2\/types\/page"}],"author":[{"embeddable":true,"href":"https:\/\/coachingsportifentrepriselille.fr\/index.php?rest_route=\/wp\/v2\/users\/1"}],"replies":[{"embeddable":true,"href":"https:\/\/coachingsportifentrepriselille.fr\/index.php?rest_route=%2Fwp%2Fv2%2Fcomments&post=22"}],"version-history":[{"count":92,"href":"https:\/\/coachingsportifentrepriselille.fr\/index.php?rest_route=\/wp\/v2\/pages\/22\/revisions"}],"predecessor-version":[{"id":325,"href":"https:\/\/coachingsportifentrepriselille.fr\/index.php?rest_route=\/wp\/v2\/pages\/22\/revisions\/325"}],"wp:attachment":[{"href":"https:\/\/coachingsportifentrepriselille.fr\/index.php?rest_route=%2Fwp%2Fv2%2Fmedia&parent=22"}],"curies":[{"name":"wp","href":"https:\/\/api.w.org\/{rel}","templated":true}]}}