{"id":131,"date":"2022-10-19T12:14:41","date_gmt":"2022-10-19T10:14:41","guid":{"rendered":"https:\/\/hawformationpostureettms.wordpress.com\/?page_id=131"},"modified":"2022-12-08T13:51:35","modified_gmt":"2022-12-08T12:51:35","slug":"la-formation-h-a-w-2","status":"publish","type":"page","link":"https:\/\/coachingsportifentrepriselille.fr\/?page_id=131","title":{"rendered":"Le Team Building"},"content":{"rendered":"\r\n<div class=\"wp-block-group alignfull\"><div class=\"wp-block-group__inner-container is-layout-constrained wp-block-group-is-layout-constrained\">\r\n<div class=\"wp-block-cover alignfull is-light is-layout-flow wp-block-cover-is-layout-flow\"><img decoding=\"async\" class=\"wp-block-cover__image-background wp-image-274\" style=\"object-position: 48% 25%;\" src=\"https:\/\/hawformationpostureettms.files.wordpress.com\/2022\/10\/hall-congress-architecture-building-159213.jpeg\" alt=\"\" data-object-fit=\"cover\" data-object-position=\"48% 25%\" \/>\r\n<div class=\"wp-block-cover__inner-container\"><span style=\"color: #333333;\">\r\n\r\n<\/span>\r\n<h1 class=\"has-text-align-center has-black-color has-text-color wp-block-heading\"><span style=\"color: #333333;\">Pr\u00e9venir et comprendre les risques.<\/span><\/h1>\r\n<\/div>\r\n<\/div><\/div>\r\n<\/div>\r\n<!-- \/wp:post-content -->\r\n\r\n<!-- wp:paragraph {\"align\":\"center\",\"textColor\":\"white\"} -->\r\n<p class=\"has-text-align-center has-white-color has-text-color\"><span style=\"color: #000000;\">Animation de s\u00e9ances en Team Building pour comprendre ce que sont les troubles musculo squelettiques, sur les risques qu&#8217;ils peuvent entrainer sur le long terme et comment les \u00e9viter.<\/span><\/p>\r\n<p><span style=\"color: #000000;\"><!-- \/wp:paragraph -->\r\n\r\n<!-- wp:paragraph {\"align\":\"center\",\"textColor\":\"white\"} --><\/span><\/p>\r\n<p class=\"has-text-align-center has-white-color has-text-color\"><span style=\"color: #000000;\">Sur une demi journ\u00e9e et par groupe de 10 collaborateurs par coachs 5 th\u00e9matiques seront abord\u00e9es avec des parties pratiques et th\u00e9oriques.<\/span><\/p>\r\n<p><span style=\"color: #000000;\"><!-- \/wp:paragraph -->\r\n\r\n<!-- wp:paragraph {\"align\":\"center\",\"textColor\":\"white\"} --><\/span><\/p>\r\n<p class=\"has-text-align-center has-white-color has-text-color\"><span style=\"color: #000000;\">Questionnaire bilan en direct, temps d&#8217;\u00e9change, contenu pratique et th\u00e9orique sur le bien \u00eatre au travail au programme.\u00a0<\/span><\/p>\r\n<p style=\"text-align: center;\">L&#8217;objectif de notre team building est l&#8217;apprentissage, vos collaborateurs vont devoir \u00e9changer avec nous, pour comprendre pourquoi la pratique d&#8217;une activit\u00e9 physique, d&#8217;\u00e9chauffement et d&#8217;\u00e9tirement est importante pour eux et leur bien \u00eatre.\u00a0<\/p>\r\n<!-- \/wp:paragraph -->\r\n\r\n<!-- wp:heading {\"textAlign\":\"center\"} -->\r\n<h2 class=\"has-text-align-center\"><strong><span style=\"text-decoration: underline;\">Les 5 th\u00e8mes abord\u00e9s lors de nos Team building<\/span><\/strong>\u00a0:<\/h2>\r\n<h4 style=\"text-align: center;\">Partie 1 : Les bienfaits du sport au travail<\/h4>\r\n<p><img loading=\"lazy\" decoding=\"async\" class=\"size-medium wp-image-336 aligncenter\" src=\"http:\/\/coachingsportifentrepriselille.fr\/wp-content\/uploads\/2022\/12\/Bienfaits-sport-au-travail-HAW-300x300.jpg\" alt=\"\" width=\"300\" height=\"300\" srcset=\"https:\/\/coachingsportifentrepriselille.fr\/wp-content\/uploads\/2022\/12\/Bienfaits-sport-au-travail-HAW-300x300.jpg 300w, https:\/\/coachingsportifentrepriselille.fr\/wp-content\/uploads\/2022\/12\/Bienfaits-sport-au-travail-HAW-1024x1024.jpg 1024w, https:\/\/coachingsportifentrepriselille.fr\/wp-content\/uploads\/2022\/12\/Bienfaits-sport-au-travail-HAW-150x150.jpg 150w, https:\/\/coachingsportifentrepriselille.fr\/wp-content\/uploads\/2022\/12\/Bienfaits-sport-au-travail-HAW-768x768.jpg 768w, https:\/\/coachingsportifentrepriselille.fr\/wp-content\/uploads\/2022\/12\/Bienfaits-sport-au-travail-HAW.jpg 1080w\" sizes=\"auto, (max-width: 300px) 100vw, 300px\" \/><\/p>\r\n<p style=\"text-align: center;\">Introduction des bienfaits du sport au travail, \u00e0 savoir l&#8217;am\u00e9lioration de la sant\u00e9, du bien \u00eatre et de la qualit\u00e9 de vie des collaborateurs.\u00a0<\/p>\r\n<p style=\"text-align: center;\">La pratique d&#8217;une activit\u00e9 physique permettra de travailler sur le renforcement musculaire g\u00e9n\u00e9ral, d&#8217;am\u00e9liorer les fonctions cardio vasculaire, le tonus musculaire et d&#8217;apporter des sensations de pl\u00e9nitude et de bonne sant\u00e9 mentale.\u00a0<\/p>\r\n<h4 style=\"text-align: center;\">Partie 2 : La posture au travail\u00a0<\/h4>\r\n<p><img loading=\"lazy\" decoding=\"async\" class=\"size-medium wp-image-313 aligncenter\" src=\"http:\/\/coachingsportifentrepriselille.fr\/wp-content\/uploads\/2022\/12\/H.A.W-Posturologie-coaching-sportif-pour-entreprise-Lille-300x300.jpg\" alt=\"\" width=\"300\" height=\"300\" srcset=\"https:\/\/coachingsportifentrepriselille.fr\/wp-content\/uploads\/2022\/12\/H.A.W-Posturologie-coaching-sportif-pour-entreprise-Lille-300x300.jpg 300w, https:\/\/coachingsportifentrepriselille.fr\/wp-content\/uploads\/2022\/12\/H.A.W-Posturologie-coaching-sportif-pour-entreprise-Lille-1024x1024.jpg 1024w, https:\/\/coachingsportifentrepriselille.fr\/wp-content\/uploads\/2022\/12\/H.A.W-Posturologie-coaching-sportif-pour-entreprise-Lille-150x150.jpg 150w, https:\/\/coachingsportifentrepriselille.fr\/wp-content\/uploads\/2022\/12\/H.A.W-Posturologie-coaching-sportif-pour-entreprise-Lille-768x768.jpg 768w, https:\/\/coachingsportifentrepriselille.fr\/wp-content\/uploads\/2022\/12\/H.A.W-Posturologie-coaching-sportif-pour-entreprise-Lille.jpg 1080w\" sizes=\"auto, (max-width: 300px) 100vw, 300px\" \/><\/p>\r\n<p style=\"text-align: center;\">Travail correctif de la posture par diff\u00e9rentes actions concr\u00e8tes sur les structures musculaire, tendineuse et articulaire apr\u00e8s un test de posture r\u00e9alis\u00e9 par nos soins.\u00a0<\/p>\r\n<p style=\"text-align: center;\">Travail de mobilit\u00e9 permettant de se sentir mieux dans son espace, de bouger dans de plus grandes amplitudes articulaire.\u00a0<\/p>\r\n<p style=\"text-align: center;\">Un focus sur le renforcement des muscles posturaux pour palier aux d\u00e9ficits d\u00fb aux mauvaises postures de la vie quotidienne et aux exigences du poste de travail de vos collaborateurs.\u00a0<\/p>\r\n<h4 style=\"text-align: center;\">Partie 3 : L&#8217;\u00e9chauffement sp\u00e9cifique au poste de travail\u00a0<\/h4>\r\n<p><img loading=\"lazy\" decoding=\"async\" class=\"size-medium wp-image-315 aligncenter\" src=\"http:\/\/coachingsportifentrepriselille.fr\/wp-content\/uploads\/2022\/12\/H.A.W-Echauffement-au-travail-coaching-sportif-pour-entreprise-Lille-300x300.jpg\" alt=\"\" width=\"300\" height=\"300\" srcset=\"https:\/\/coachingsportifentrepriselille.fr\/wp-content\/uploads\/2022\/12\/H.A.W-Echauffement-au-travail-coaching-sportif-pour-entreprise-Lille-300x300.jpg 300w, https:\/\/coachingsportifentrepriselille.fr\/wp-content\/uploads\/2022\/12\/H.A.W-Echauffement-au-travail-coaching-sportif-pour-entreprise-Lille-1024x1024.jpg 1024w, https:\/\/coachingsportifentrepriselille.fr\/wp-content\/uploads\/2022\/12\/H.A.W-Echauffement-au-travail-coaching-sportif-pour-entreprise-Lille-150x150.jpg 150w, https:\/\/coachingsportifentrepriselille.fr\/wp-content\/uploads\/2022\/12\/H.A.W-Echauffement-au-travail-coaching-sportif-pour-entreprise-Lille-768x768.jpg 768w, https:\/\/coachingsportifentrepriselille.fr\/wp-content\/uploads\/2022\/12\/H.A.W-Echauffement-au-travail-coaching-sportif-pour-entreprise-Lille.jpg 1080w\" sizes=\"auto, (max-width: 300px) 100vw, 300px\" \/><\/p>\r\n<p style=\"text-align: center;\">Cr\u00e9ation interactive d&#8217;une routine d&#8217;\u00e9chauffement sp\u00e9cifique au poste et aux exigences du poste de travail de vos collaborateurs.\u00a0<\/p>\r\n<p style=\"text-align: center;\">Mise en place de la pratique des \u00e9chauffement de fa\u00e7on quotidienne permettant de r\u00e9duire le stress m\u00e9canique impos\u00e9 aux articulaires par une pr\u00e9paration de ces derni\u00e8res.\u00a0<\/p>\r\n<p style=\"text-align: center;\">Cela permettant l&#8217;am\u00e9lioration du tonus musculaire, de la mobilit\u00e9 en chauffant le corps pour r\u00e9pondre aux exigences du poste de travail, r\u00e9duisant ainsi les risques de blessures.\u00a0<\/p>\r\n<h4 style=\"text-align: center;\">Partie 4 : La s\u00e9ance d&#8217;activit\u00e9 physique personnalis\u00e9\u00a0<\/h4>\r\n<p><img loading=\"lazy\" decoding=\"async\" class=\"size-medium wp-image-323 aligncenter\" src=\"http:\/\/coachingsportifentrepriselille.fr\/wp-content\/uploads\/2022\/12\/H.A.W-Coaching-sportif-en-entreprise-region-de-Lille-300x300.jpg\" alt=\"\" width=\"300\" height=\"300\" srcset=\"https:\/\/coachingsportifentrepriselille.fr\/wp-content\/uploads\/2022\/12\/H.A.W-Coaching-sportif-en-entreprise-region-de-Lille-300x300.jpg 300w, https:\/\/coachingsportifentrepriselille.fr\/wp-content\/uploads\/2022\/12\/H.A.W-Coaching-sportif-en-entreprise-region-de-Lille-1024x1024.jpg 1024w, https:\/\/coachingsportifentrepriselille.fr\/wp-content\/uploads\/2022\/12\/H.A.W-Coaching-sportif-en-entreprise-region-de-Lille-150x150.jpg 150w, https:\/\/coachingsportifentrepriselille.fr\/wp-content\/uploads\/2022\/12\/H.A.W-Coaching-sportif-en-entreprise-region-de-Lille-768x768.jpg 768w, https:\/\/coachingsportifentrepriselille.fr\/wp-content\/uploads\/2022\/12\/H.A.W-Coaching-sportif-en-entreprise-region-de-Lille.jpg 1080w\" sizes=\"auto, (max-width: 300px) 100vw, 300px\" \/><\/p>\r\n<p style=\"text-align: center;\">En prenant en compte les demandes et besoins des collaborateurs par rapport \u00e0 leur activit\u00e9 professionnelle, nous proposons une s\u00e9ance d&#8217;activit\u00e9 physique adapt\u00e9e aux besoins.\u00a0<\/p>\r\n<p style=\"text-align: center;\">Du travail cardiovasculaire, au renforcement musculaire en passant par des s\u00e9ances de travail profond, de gainage et de stretching, la mise en activit\u00e9 permettra d&#8217;am\u00e9liorer la condition physique g\u00e9n\u00e9rale des collaborateurs et un bien \u00eatre am\u00e9lior\u00e9.\u00a0<\/p>\r\n<h4 style=\"text-align: center;\">Partie 5 : Les \u00e9tirements sp\u00e9cifiques au poste de travail<\/h4>\r\n<p><img loading=\"lazy\" decoding=\"async\" class=\"size-medium wp-image-316 aligncenter\" src=\"http:\/\/coachingsportifentrepriselille.fr\/wp-content\/uploads\/2022\/12\/H.A.W-Etirements-au-travail-coaching-sportif-pour-entreprise-Lille-300x300.jpg\" alt=\"\" width=\"300\" height=\"300\" srcset=\"https:\/\/coachingsportifentrepriselille.fr\/wp-content\/uploads\/2022\/12\/H.A.W-Etirements-au-travail-coaching-sportif-pour-entreprise-Lille-300x300.jpg 300w, https:\/\/coachingsportifentrepriselille.fr\/wp-content\/uploads\/2022\/12\/H.A.W-Etirements-au-travail-coaching-sportif-pour-entreprise-Lille-1024x1024.jpg 1024w, https:\/\/coachingsportifentrepriselille.fr\/wp-content\/uploads\/2022\/12\/H.A.W-Etirements-au-travail-coaching-sportif-pour-entreprise-Lille-150x150.jpg 150w, https:\/\/coachingsportifentrepriselille.fr\/wp-content\/uploads\/2022\/12\/H.A.W-Etirements-au-travail-coaching-sportif-pour-entreprise-Lille-768x768.jpg 768w, https:\/\/coachingsportifentrepriselille.fr\/wp-content\/uploads\/2022\/12\/H.A.W-Etirements-au-travail-coaching-sportif-pour-entreprise-Lille.jpg 1080w\" sizes=\"auto, (max-width: 300px) 100vw, 300px\" \/><\/p>\r\n<p>L&#8217;activit\u00e9 professionnelle entrainant un stress m\u00e9canique r\u00e9p\u00e9titif les diff\u00e9rentes parties du corps, il convient d&#8217;expliquer \u00e0 quel point il est important de pratiquer les \u00e9tirements \u00e0 la fin de la journ\u00e9e du travail.\u00a0<\/p>\r\n<p>Les \u00e9tirements vont permettre de r\u00e9duire ce stress et les tensions musculaires. la pratique d&#8217;\u00e9tirements r\u00e9guli\u00e8re permettra d&#8217;am\u00e9liorer la posture et la sant\u00e9 au travail. Cela va permettre de diminuer les douleurs lombaires, de rel\u00e2cher les tensions et d&#8217;apporter une sensation de rel\u00e2chement et de bien \u00eatre.<\/p>\r\n<p>&nbsp;<\/p>\r\n<p>&nbsp;<\/p>\r\n<p style=\"text-align: center;\"><a class=\"wp-block-button__link has-white-color has-black-background-color has-text-color has-background wp-element-button\" href=\"http:\/\/coachingsportifentrepriselille.fr\/?page_id=29\" target=\"_blank\" rel=\"noreferrer noopener\">Contactez nous<\/a><\/p>\r\n<p>&nbsp;<\/p>\r\n<!-- \/wp:heading -->\r\n<div class=\"wp-block-columns alignwide\"><!-- wp:column -->\r\n<div class=\"wp-block-column\"><!-- wp:image {\"align\":\"center\",\"id\":253,\"width\":400,\"height\":400,\"sizeSlug\":\"large\",\"linkDestination\":\"none\"} \/-->\r\n\r\n<!-- wp:heading {\"textAlign\":\"center\",\"level\":4} --><\/div>\r\n<\/div>\r\n<\/div><!-- \/wp:heading --><!-- \/wp:column -->\r\n<div class=\"wp-block-group alignfull has-background-light-background-color has-background\"><!-- wp:columns {\"align\":\"wide\"} -->\r\n<div class=\"wp-block-columns alignwide\"><!-- wp:column -->\r\n<div class=\"wp-block-column\"><!-- wp:image {\"align\":\"center\",\"id\":253,\"width\":400,\"height\":400,\"sizeSlug\":\"large\",\"linkDestination\":\"none\"} --><!-- \/wp:image -->\r\n\r\n<!-- wp:heading {\"textAlign\":\"center\",\"level\":4} --><\/div>\r\n<\/div>\r\n<\/div><!-- \/wp:post-content --><!-- \/wp:columns -->\r\n\r\n<!-- wp:group {\"align\":\"full\",\"backgroundColor\":\"background-light\",\"layout\":{\"type\":\"constrained\"}} -->\r\n<div class=\"wp-block-group alignfull has-background-light-background-color has-background\"><!-- wp:columns {\"align\":\"wide\"} -->\r\n<div class=\"wp-block-columns alignwide\"><!-- wp:column -->\r\n<div class=\"wp-block-column\"><!-- wp:image {\"align\":\"center\",\"id\":253,\"width\":400,\"height\":400,\"sizeSlug\":\"large\",\"linkDestination\":\"none\"} --><!-- \/wp:image -->\r\n\r\n<!-- wp:heading {\"textAlign\":\"center\",\"level\":4} --><\/div>\r\n<\/div>\r\n<\/div><!-- \/wp:post-content -->","protected":false},"excerpt":{"rendered":"<p>Pr\u00e9venir et comprendre les risques. Animation de s\u00e9ances en Team Building pour comprendre ce que sont les troubles musculo squelettiques, sur les risques qu&#8217;ils peuvent entrainer sur le long terme et comment les \u00e9viter. Sur une demi journ\u00e9e et par<\/p>\n","protected":false},"author":1,"featured_media":0,"parent":0,"menu_order":0,"comment_status":"closed","ping_status":"closed","template":"","meta":{"_uag_custom_page_level_css":"","footnotes":""},"class_list":["post-131","page","type-page","status-publish","hentry"],"uagb_featured_image_src":{"full":false,"thumbnail":false,"medium":false,"medium_large":false,"large":false,"1536x1536":false,"2048x2048":false,"suffice-thumbnail-grid":false,"suffice-thumbnail-featured-one":false,"suffice-thumbnail-featured-two":false,"suffice-thumbnail-portfolio":false,"suffice-thumbnail-portfolio-masonry":false},"uagb_author_info":{"display_name":"admin4746","author_link":"https:\/\/coachingsportifentrepriselille.fr\/?author=1"},"uagb_comment_info":0,"uagb_excerpt":"Pr\u00e9venir et comprendre les risques. Animation de s\u00e9ances en Team Building pour comprendre ce que sont les troubles musculo squelettiques, sur les risques qu&#8217;ils peuvent entrainer sur le long terme et comment les \u00e9viter. Sur une demi journ\u00e9e et par","_links":{"self":[{"href":"https:\/\/coachingsportifentrepriselille.fr\/index.php?rest_route=\/wp\/v2\/pages\/131","targetHints":{"allow":["GET"]}}],"collection":[{"href":"https:\/\/coachingsportifentrepriselille.fr\/index.php?rest_route=\/wp\/v2\/pages"}],"about":[{"href":"https:\/\/coachingsportifentrepriselille.fr\/index.php?rest_route=\/wp\/v2\/types\/page"}],"author":[{"embeddable":true,"href":"https:\/\/coachingsportifentrepriselille.fr\/index.php?rest_route=\/wp\/v2\/users\/1"}],"replies":[{"embeddable":true,"href":"https:\/\/coachingsportifentrepriselille.fr\/index.php?rest_route=%2Fwp%2Fv2%2Fcomments&post=131"}],"version-history":[{"count":18,"href":"https:\/\/coachingsportifentrepriselille.fr\/index.php?rest_route=\/wp\/v2\/pages\/131\/revisions"}],"predecessor-version":[{"id":374,"href":"https:\/\/coachingsportifentrepriselille.fr\/index.php?rest_route=\/wp\/v2\/pages\/131\/revisions\/374"}],"wp:attachment":[{"href":"https:\/\/coachingsportifentrepriselille.fr\/index.php?rest_route=%2Fwp%2Fv2%2Fmedia&parent=131"}],"curies":[{"name":"wp","href":"https:\/\/api.w.org\/{rel}","templated":true}]}}